{"id":102,"date":"2026-01-20T14:26:38","date_gmt":"2026-01-20T14:26:38","guid":{"rendered":"https:\/\/institutomedicopodologico.es\/?page_id=102"},"modified":"2026-03-16T14:36:44","modified_gmt":"2026-03-16T14:36:44","slug":"contacto","status":"publish","type":"page","link":"https:\/\/institutomedicopodologico.es\/ca\/contacto\/","title":{"rendered":"Contacte"},"content":{"rendered":"\t\t<div data-elementor-type=\"wp-page\" data-elementor-id=\"102\" class=\"elementor elementor-102\" data-elementor-post-type=\"page\">\n\t\t\t\t<div class=\"elementor-element elementor-element-82b0f82 e-con-full e-flex e-con e-parent\" data-id=\"82b0f82\" data-element_type=\"container\" data-e-type=\"container\" data-settings=\"{&quot;background_background&quot;:&quot;classic&quot;}\">\n\t\t<div class=\"elementor-element elementor-element-139bdea e-con-full e-flex elementor-invisible e-con e-child\" data-id=\"139bdea\" data-element_type=\"container\" data-e-type=\"container\" data-settings=\"{&quot;animation&quot;:&quot;fadeIn&quot;}\">\n\t\t\t\t<div class=\"elementor-element elementor-element-545cd58 elementor-widget elementor-widget-heading\" data-id=\"545cd58\" data-element_type=\"widget\" data-e-type=\"widget\" data-widget_type=\"heading.default\">\n\t\t\t\t\t<h1 class=\"elementor-heading-title elementor-size-default\">Contacta con IMP<\/h1>\t\t\t\t<\/div>\n\t\t\t\t<div class=\"elementor-element elementor-element-ea15675 elementor-widget elementor-widget-text-editor\" data-id=\"ea15675\" data-element_type=\"widget\" data-e-type=\"widget\" data-widget_type=\"text-editor.default\">\n\t\t\t\t\t\t\t\t\t\u00bfNecesitas servicios de podolog\u00eda, diagn\u00f3stico o tratamiento? Escr\u00edbeme para consultas, citas o m\u00e1s informaci\u00f3n sobre mis servicios. Estoy disponible para ayudarte con el cuidado de tus pies mediante soluciones personalizadas adaptadas a tus necesidades en salud podol\u00f3gica.\t\t\t\t\t\t\t\t<\/div>\n\t\t\t\t<div class=\"elementor-element elementor-element-c465c6f elementor-widget elementor-widget-button\" data-id=\"c465c6f\" data-element_type=\"widget\" data-e-type=\"widget\" data-widget_type=\"button.default\">\n\t\t\t\t\t\t\t\t\t\t<a class=\"elementor-button elementor-button-link elementor-size-sm\" href=\"\/inicio\">\n\t\t\t\t\t\t<span class=\"elementor-button-content-wrapper\">\n\t\t\t\t\t\t\t\t\t<span class=\"elementor-button-text\">Volver al inicio<\/span>\n\t\t\t\t\t<\/span>\n\t\t\t\t\t<\/a>\n\t\t\t\t\t\t\t\t<\/div>\n\t\t\t\t<\/div>\n\t\t\t\t<\/div>\n\t\t<div class=\"elementor-element elementor-element-59a8208 e-con-full e-flex e-con e-parent\" data-id=\"59a8208\" data-element_type=\"container\" data-e-type=\"container\" data-settings=\"{&quot;background_background&quot;:&quot;classic&quot;}\">\n\t\t\t\t<div class=\"elementor-element elementor-element-b1d9601 elementor-invisible elementor-widget elementor-widget-heading\" data-id=\"b1d9601\" data-element_type=\"widget\" data-e-type=\"widget\" data-settings=\"{&quot;_animation&quot;:&quot;fadeIn&quot;}\" data-widget_type=\"heading.default\">\n\t\t\t\t\t<h2 class=\"elementor-heading-title elementor-size-default\">Contacto<\/h2>\t\t\t\t<\/div>\n\t\t\t\t<\/div>\n\t\t<div class=\"elementor-element elementor-element-e33bc16 e-con-full e-flex e-con e-parent\" data-id=\"e33bc16\" data-element_type=\"container\" data-e-type=\"container\" data-settings=\"{&quot;background_background&quot;:&quot;classic&quot;}\">\n\t\t<div class=\"elementor-element elementor-element-29d3f5d e-con-full e-flex e-con e-child\" data-id=\"29d3f5d\" data-element_type=\"container\" data-e-type=\"container\">\n\t\t\t\t<div class=\"elementor-element elementor-element-d2ba263 elementor-widget elementor-widget-heading\" data-id=\"d2ba263\" data-element_type=\"widget\" data-e-type=\"widget\" data-widget_type=\"heading.default\">\n\t\t\t\t\t<h2 class=\"elementor-heading-title elementor-size-default\">Contacta con nosotros<\/h2>\t\t\t\t<\/div>\n\t\t\t\t<div class=\"elementor-element elementor-element-df37c04 elementor-widget elementor-widget-text-editor\" data-id=\"df37c04\" data-element_type=\"widget\" data-e-type=\"widget\" data-widget_type=\"text-editor.default\">\n\t\t\t\t\t\t\t\t\t\u00bfNecesitas servicios de podolog\u00eda o consulta sobre la salud de tus pies? Ofrezco soluciones profesionales adaptadas a tus necesidades. Puedes contactarme por WhatsApp al 634389857, llamarme al mismo n\u00famero o enviar un correo a podologoisactona@gmail.com. Estoy disponible para atender consultas, resolver dudas y proporcionar citas personalizadas sin compromiso.\t\t\t\t\t\t\t\t<\/div>\n\t\t<div class=\"elementor-element elementor-element-86e5231 e-con-full e-flex e-con e-child\" data-id=\"86e5231\" data-element_type=\"container\" data-e-type=\"container\">\n\t\t<div class=\"elementor-element elementor-element-affea3e e-con-full e-flex e-con e-child\" data-id=\"affea3e\" data-element_type=\"container\" data-e-type=\"container\">\n\t\t\t\t<div class=\"elementor-element elementor-element-5c94f8e elementor-view-default elementor-position-block-start elementor-mobile-position-block-start elementor-widget elementor-widget-icon-box\" data-id=\"5c94f8e\" data-element_type=\"widget\" data-e-type=\"widget\" data-widget_type=\"icon-box.default\">\n\t\t\t\t\t\t\t<div class=\"elementor-icon-box-wrapper\">\n\n\t\t\t\t\t\t<div class=\"elementor-icon-box-icon\">\n\t\t\t\t<span  class=\"elementor-icon\">\n\t\t\t\t<svg aria-hidden=\"true\" class=\"e-font-icon-svg e-far-building\" viewBox=\"0 0 448 512\" xmlns=\"http:\/\/www.w3.org\/2000\/svg\"><path d=\"M128 148v-40c0-6.6 5.4-12 12-12h40c6.6 0 12 5.4 12 12v40c0 6.6-5.4 12-12 12h-40c-6.6 0-12-5.4-12-12zm140 12h40c6.6 0 12-5.4 12-12v-40c0-6.6-5.4-12-12-12h-40c-6.6 0-12 5.4-12 12v40c0 6.6 5.4 12 12 12zm-128 96h40c6.6 0 12-5.4 12-12v-40c0-6.6-5.4-12-12-12h-40c-6.6 0-12 5.4-12 12v40c0 6.6 5.4 12 12 12zm128 0h40c6.6 0 12-5.4 12-12v-40c0-6.6-5.4-12-12-12h-40c-6.6 0-12 5.4-12 12v40c0 6.6 5.4 12 12 12zm-76 84v-40c0-6.6-5.4-12-12-12h-40c-6.6 0-12 5.4-12 12v40c0 6.6 5.4 12 12 12h40c6.6 0 12-5.4 12-12zm76 12h40c6.6 0 12-5.4 12-12v-40c0-6.6-5.4-12-12-12h-40c-6.6 0-12 5.4-12 12v40c0 6.6 5.4 12 12 12zm180 124v36H0v-36c0-6.6 5.4-12 12-12h19.5V24c0-13.3 10.7-24 24-24h337c13.3 0 24 10.7 24 24v440H436c6.6 0 12 5.4 12 12zM79.5 463H192v-67c0-6.6 5.4-12 12-12h40c6.6 0 12 5.4 12 12v67h112.5V49L80 48l-.5 415z\"><\/path><\/svg>\t\t\t\t<\/span>\n\t\t\t<\/div>\n\t\t\t\n\t\t\t\t\t\t<div class=\"elementor-icon-box-content\">\n\n\t\t\t\t\t\t\t\t\t<h3 class=\"elementor-icon-box-title\">\n\t\t\t\t\t\t<span  >\n\t\t\t\t\t\t\tCl\u00ednica Bofill Olot\t\t\t\t\t\t<\/span>\n\t\t\t\t\t<\/h3>\n\t\t\t\t\n\t\t\t\t\t\t\t\t\t<p class=\"elementor-icon-box-description\">\n\t\t\t\t\t\tC. Mari\u00e0 Vayreda, 12\n17800 Olot\nTel. 972 624 533\n\t\t\t\t\t<\/p>\n\t\t\t\t\n\t\t\t<\/div>\n\t\t\t\n\t\t<\/div>\n\t\t\t\t\t\t<\/div>\n\t\t\t\t<\/div>\n\t\t<div class=\"elementor-element elementor-element-81dcb08 e-con-full e-flex e-con e-child\" data-id=\"81dcb08\" data-element_type=\"container\" data-e-type=\"container\">\n\t\t\t\t<div class=\"elementor-element elementor-element-b7263c7 elementor-view-default elementor-position-block-start elementor-mobile-position-block-start elementor-widget elementor-widget-icon-box\" data-id=\"b7263c7\" data-element_type=\"widget\" data-e-type=\"widget\" data-widget_type=\"icon-box.default\">\n\t\t\t\t\t\t\t<div class=\"elementor-icon-box-wrapper\">\n\n\t\t\t\t\t\t<div class=\"elementor-icon-box-icon\">\n\t\t\t\t<span  class=\"elementor-icon\">\n\t\t\t\t<svg aria-hidden=\"true\" class=\"e-font-icon-svg e-far-building\" viewBox=\"0 0 448 512\" xmlns=\"http:\/\/www.w3.org\/2000\/svg\"><path d=\"M128 148v-40c0-6.6 5.4-12 12-12h40c6.6 0 12 5.4 12 12v40c0 6.6-5.4 12-12 12h-40c-6.6 0-12-5.4-12-12zm140 12h40c6.6 0 12-5.4 12-12v-40c0-6.6-5.4-12-12-12h-40c-6.6 0-12 5.4-12 12v40c0 6.6 5.4 12 12 12zm-128 96h40c6.6 0 12-5.4 12-12v-40c0-6.6-5.4-12-12-12h-40c-6.6 0-12 5.4-12 12v40c0 6.6 5.4 12 12 12zm128 0h40c6.6 0 12-5.4 12-12v-40c0-6.6-5.4-12-12-12h-40c-6.6 0-12 5.4-12 12v40c0 6.6 5.4 12 12 12zm-76 84v-40c0-6.6-5.4-12-12-12h-40c-6.6 0-12 5.4-12 12v40c0 6.6 5.4 12 12 12h40c6.6 0 12-5.4 12-12zm76 12h40c6.6 0 12-5.4 12-12v-40c0-6.6-5.4-12-12-12h-40c-6.6 0-12 5.4-12 12v40c0 6.6 5.4 12 12 12zm180 124v36H0v-36c0-6.6 5.4-12 12-12h19.5V24c0-13.3 10.7-24 24-24h337c13.3 0 24 10.7 24 24v440H436c6.6 0 12 5.4 12 12zM79.5 463H192v-67c0-6.6 5.4-12 12-12h40c6.6 0 12 5.4 12 12v67h112.5V49L80 48l-.5 415z\"><\/path><\/svg>\t\t\t\t<\/span>\n\t\t\t<\/div>\n\t\t\t\n\t\t\t\t\t\t<div class=\"elementor-icon-box-content\">\n\n\t\t\t\t\t\t\t\t\t<h3 class=\"elementor-icon-box-title\">\n\t\t\t\t\t\t<span  >\n\t\t\t\t\t\t\tCl\u00ednica Bofill Girona Centre\t\t\t\t\t\t<\/span>\n\t\t\t\t\t<\/h3>\n\t\t\t\t\n\t\t\t\t\t\t\t\t\t<p class=\"elementor-icon-box-description\">\n\t\t\t\t\t\tRda. Sant Antoni Maria Claret, 20,\n17002 Girona\nTel. 972 426 077\n\t\t\t\t\t<\/p>\n\t\t\t\t\n\t\t\t<\/div>\n\t\t\t\n\t\t<\/div>\n\t\t\t\t\t\t<\/div>\n\t\t\t\t<\/div>\n\t\t<div class=\"elementor-element elementor-element-36a664a e-con-full e-flex e-con e-child\" data-id=\"36a664a\" data-element_type=\"container\" data-e-type=\"container\">\n\t\t\t\t<div class=\"elementor-element elementor-element-8685b4b elementor-view-default elementor-position-block-start elementor-mobile-position-block-start elementor-widget elementor-widget-icon-box\" data-id=\"8685b4b\" data-element_type=\"widget\" data-e-type=\"widget\" data-widget_type=\"icon-box.default\">\n\t\t\t\t\t\t\t<div class=\"elementor-icon-box-wrapper\">\n\n\t\t\t\t\t\t<div class=\"elementor-icon-box-icon\">\n\t\t\t\t<span  class=\"elementor-icon\">\n\t\t\t\t<svg aria-hidden=\"true\" class=\"e-font-icon-svg e-far-building\" viewBox=\"0 0 448 512\" xmlns=\"http:\/\/www.w3.org\/2000\/svg\"><path d=\"M128 148v-40c0-6.6 5.4-12 12-12h40c6.6 0 12 5.4 12 12v40c0 6.6-5.4 12-12 12h-40c-6.6 0-12-5.4-12-12zm140 12h40c6.6 0 12-5.4 12-12v-40c0-6.6-5.4-12-12-12h-40c-6.6 0-12 5.4-12 12v40c0 6.6 5.4 12 12 12zm-128 96h40c6.6 0 12-5.4 12-12v-40c0-6.6-5.4-12-12-12h-40c-6.6 0-12 5.4-12 12v40c0 6.6 5.4 12 12 12zm128 0h40c6.6 0 12-5.4 12-12v-40c0-6.6-5.4-12-12-12h-40c-6.6 0-12 5.4-12 12v40c0 6.6 5.4 12 12 12zm-76 84v-40c0-6.6-5.4-12-12-12h-40c-6.6 0-12 5.4-12 12v40c0 6.6 5.4 12 12 12h40c6.6 0 12-5.4 12-12zm76 12h40c6.6 0 12-5.4 12-12v-40c0-6.6-5.4-12-12-12h-40c-6.6 0-12 5.4-12 12v40c0 6.6 5.4 12 12 12zm180 124v36H0v-36c0-6.6 5.4-12 12-12h19.5V24c0-13.3 10.7-24 24-24h337c13.3 0 24 10.7 24 24v440H436c6.6 0 12 5.4 12 12zM79.5 463H192v-67c0-6.6 5.4-12 12-12h40c6.6 0 12 5.4 12 12v67h112.5V49L80 48l-.5 415z\"><\/path><\/svg>\t\t\t\t<\/span>\n\t\t\t<\/div>\n\t\t\t\n\t\t\t\t\t\t<div class=\"elementor-icon-box-content\">\n\n\t\t\t\t\t\t\t\t\t<h3 class=\"elementor-icon-box-title\">\n\t\t\t\t\t\t<span  >\n\t\t\t\t\t\t\tCl\u00ednica Bofill Figueres\t\t\t\t\t\t<\/span>\n\t\t\t\t\t<\/h3>\n\t\t\t\t\n\t\t\t\t\t\t\t\t\t<p class=\"elementor-icon-box-description\">\n\t\t\t\t\t\tC. Sant Ll\u00e0tzer, 4,\n17600 Figueres\nTel. 872 550 999\n\t\t\t\t\t<\/p>\n\t\t\t\t\n\t\t\t<\/div>\n\t\t\t\n\t\t<\/div>\n\t\t\t\t\t\t<\/div>\n\t\t\t\t<\/div>\n\t\t<div class=\"elementor-element elementor-element-3940e8c e-con-full e-flex e-con e-child\" data-id=\"3940e8c\" data-element_type=\"container\" data-e-type=\"container\">\n\t\t\t\t<div class=\"elementor-element elementor-element-6863f0a elementor-view-default elementor-position-block-start elementor-mobile-position-block-start elementor-widget elementor-widget-icon-box\" data-id=\"6863f0a\" data-element_type=\"widget\" data-e-type=\"widget\" data-widget_type=\"icon-box.default\">\n\t\t\t\t\t\t\t<div class=\"elementor-icon-box-wrapper\">\n\n\t\t\t\t\t\t<div class=\"elementor-icon-box-icon\">\n\t\t\t\t<span  class=\"elementor-icon\">\n\t\t\t\t<svg aria-hidden=\"true\" class=\"e-font-icon-svg e-far-building\" viewBox=\"0 0 448 512\" xmlns=\"http:\/\/www.w3.org\/2000\/svg\"><path d=\"M128 148v-40c0-6.6 5.4-12 12-12h40c6.6 0 12 5.4 12 12v40c0 6.6-5.4 12-12 12h-40c-6.6 0-12-5.4-12-12zm140 12h40c6.6 0 12-5.4 12-12v-40c0-6.6-5.4-12-12-12h-40c-6.6 0-12 5.4-12 12v40c0 6.6 5.4 12 12 12zm-128 96h40c6.6 0 12-5.4 12-12v-40c0-6.6-5.4-12-12-12h-40c-6.6 0-12 5.4-12 12v40c0 6.6 5.4 12 12 12zm128 0h40c6.6 0 12-5.4 12-12v-40c0-6.6-5.4-12-12-12h-40c-6.6 0-12 5.4-12 12v40c0 6.6 5.4 12 12 12zm-76 84v-40c0-6.6-5.4-12-12-12h-40c-6.6 0-12 5.4-12 12v40c0 6.6 5.4 12 12 12h40c6.6 0 12-5.4 12-12zm76 12h40c6.6 0 12-5.4 12-12v-40c0-6.6-5.4-12-12-12h-40c-6.6 0-12 5.4-12 12v40c0 6.6 5.4 12 12 12zm180 124v36H0v-36c0-6.6 5.4-12 12-12h19.5V24c0-13.3 10.7-24 24-24h337c13.3 0 24 10.7 24 24v440H436c6.6 0 12 5.4 12 12zM79.5 463H192v-67c0-6.6 5.4-12 12-12h40c6.6 0 12 5.4 12 12v67h112.5V49L80 48l-.5 415z\"><\/path><\/svg>\t\t\t\t<\/span>\n\t\t\t<\/div>\n\t\t\t\n\t\t\t\t\t\t<div class=\"elementor-icon-box-content\">\n\n\t\t\t\t\t\t\t\t\t<h3 class=\"elementor-icon-box-title\">\n\t\t\t\t\t\t<span  >\n\t\t\t\t\t\t\tIMP Sabadell\t\t\t\t\t\t<\/span>\n\t\t\t\t\t<\/h3>\n\t\t\t\t\n\t\t\t\t\t\t\t\t\t<p class=\"elementor-icon-box-description\">\n\t\t\t\t\t\tC. Sant Pau,159,\n08201 Sabadell\n634389857\t\t\t\t\t<\/p>\n\t\t\t\t\n\t\t\t<\/div>\n\t\t\t\n\t\t<\/div>\n\t\t\t\t\t\t<\/div>\n\t\t\t\t<\/div>\n\t\t\t\t<\/div>\n\t\t\t\t<\/div>\n\t\t<div class=\"elementor-element elementor-element-7e58c32 e-con-full e-flex e-con e-child\" data-id=\"7e58c32\" data-element_type=\"container\" data-e-type=\"container\">\n\t\t\t\t<div class=\"elementor-element elementor-element-f0844d8 elementor-button-align-stretch elementor-widget elementor-widget-form\" data-id=\"f0844d8\" data-element_type=\"widget\" data-e-type=\"widget\" data-settings=\"{&quot;step_next_label&quot;:&quot;Siguiente&quot;,&quot;step_previous_label&quot;:&quot;Anterior&quot;,&quot;button_width&quot;:&quot;100&quot;,&quot;step_type&quot;:&quot;number_text&quot;,&quot;step_icon_shape&quot;:&quot;circle&quot;}\" data-widget_type=\"form.default\">\n\t\t\t\t\t\t\t<form class=\"elementor-form\" method=\"post\" name=\"Nuevo formulario\" aria-label=\"Nuevo formulario\">\n\t\t\t<input type=\"hidden\" name=\"post_id\" value=\"102\"\/>\n\t\t\t<input type=\"hidden\" name=\"form_id\" value=\"f0844d8\"\/>\n\t\t\t<input type=\"hidden\" name=\"referer_title\" value=\"Instituto Medic\u00f3 Podol\u00f3gico\" \/>\n\n\t\t\t\n\t\t\t<div class=\"elementor-form-fields-wrapper elementor-labels-above\">\n\t\t\t\t\t\t\t\t<div class=\"elementor-field-type-text elementor-field-group elementor-column elementor-field-group-name elementor-col-100\">\n\t\t\t\t\t\t\t\t\t\t\t\t<label for=\"form-field-name\" class=\"elementor-field-label\">\n\t\t\t\t\t\t\t\tNombre\t\t\t\t\t\t\t<\/label>\n\t\t\t\t\t\t\t\t\t\t\t\t\t\t<input size=\"1\" type=\"text\" name=\"form_fields[name]\" id=\"form-field-name\" class=\"elementor-field elementor-size-sm  elementor-field-textual\" placeholder=\"Nombre\">\n\t\t\t\t\t\t\t\t\t\t\t<\/div>\n\t\t\t\t\t\t\t\t<div class=\"elementor-field-type-email elementor-field-group elementor-column elementor-field-group-email elementor-col-100 elementor-field-required\">\n\t\t\t\t\t\t\t\t\t\t\t\t<label for=\"form-field-email\" class=\"elementor-field-label\">\n\t\t\t\t\t\t\t\tCorreo electr\u00f3nico\t\t\t\t\t\t\t<\/label>\n\t\t\t\t\t\t\t\t\t\t\t\t\t\t<input size=\"1\" type=\"email\" name=\"form_fields[email]\" id=\"form-field-email\" class=\"elementor-field elementor-size-sm  elementor-field-textual\" placeholder=\"Correo electr\u00f3nico\" required=\"required\">\n\t\t\t\t\t\t\t\t\t\t\t<\/div>\n\t\t\t\t\t\t\t\t<div class=\"elementor-field-type-textarea elementor-field-group elementor-column elementor-field-group-message elementor-col-100\">\n\t\t\t\t\t\t\t\t\t\t\t\t<label for=\"form-field-message\" class=\"elementor-field-label\">\n\t\t\t\t\t\t\t\tMensaje\t\t\t\t\t\t\t<\/label>\n\t\t\t\t\t\t<textarea class=\"elementor-field-textual elementor-field  elementor-size-sm\" name=\"form_fields[message]\" id=\"form-field-message\" rows=\"4\" placeholder=\"Mensaje\"><\/textarea>\t\t\t\t<\/div>\n\t\t\t\t\t\t\t\t<div class=\"elementor-field-type-recaptcha_v3 elementor-field-group elementor-column elementor-field-group-field_9e43c17 elementor-col-100 recaptcha_v3-bottomright\">\n\t\t\t\t\t<div class=\"elementor-field\" id=\"form-field-field_9e43c17\"><div class=\"elementor-g-recaptcha\" data-sitekey=\"6LehBnIsAAAAAG3sHtzQY4Le7Q0OfzRNwy90BCkm\" data-type=\"v3\" data-action=\"Form\" data-badge=\"bottomright\" data-size=\"invisible\"><\/div><\/div>\t\t\t\t<\/div>\n\t\t\t\t\t\t\t\t<div class=\"elementor-field-group elementor-column elementor-field-type-submit elementor-col-100 e-form__buttons\">\n\t\t\t\t\t<button class=\"elementor-button elementor-size-sm\" type=\"submit\">\n\t\t\t\t\t\t<span class=\"elementor-button-content-wrapper\">\n\t\t\t\t\t\t\t\t\t\t\t\t\t\t\t\t\t\t\t\t\t\t<span class=\"elementor-button-text\">Enviar<\/span>\n\t\t\t\t\t\t\t\t\t\t\t\t\t<\/span>\n\t\t\t\t\t<\/button>\n\t\t\t\t<\/div>\n\t\t\t<\/div>\n\t\t<\/form>\n\t\t\t\t\t\t<\/div>\n\t\t\t\t<\/div>\n\t\t\t\t<\/div>\n\t\t\t\t<\/div>\n\t\t","protected":false},"excerpt":{"rendered":"<p>Volver al inicio Contacto Cl\u00ednica Bofill Olot C. Mari\u00e0 Vayreda, 12 17800 Olot Tel. 972 624 533 Cl\u00ednica Bofill Girona Centre Rda. Sant Antoni Maria Claret, 20, 17002 Girona Tel. 972 426 077 Cl\u00ednica Bofill Figueres C. Sant Ll\u00e0tzer, 4, 17600 Figueres Tel. 872 550 999 IMP Sabadell C. Sant Pau,159, 08201 Sabadell 634389857<\/p>","protected":false},"author":1,"featured_media":1465,"parent":0,"menu_order":0,"comment_status":"closed","ping_status":"closed","template":"","meta":{"_acf_changed":false,"footnotes":""},"class_list":["post-102","page","type-page","status-publish","has-post-thumbnail","hentry"],"acf":[],"yoast_head":"<!-- This site is optimized with the Yoast SEO plugin v26.9 - https:\/\/yoast.com\/product\/yoast-seo-wordpress\/ -->\n<title>Contacto | Isac Tona Feue<\/title>\n<meta name=\"description\" content=\"\u00bfTienes preguntas? Cont\u00e1ctanos en Isac Tona Feue, el pod\u00f3logo en Girona que cuida de tus pies. Estamos aqu\u00ed para ayudarte. Isac Tona Feue \u00b7\" \/>\n<meta name=\"robots\" content=\"noindex, follow, max-snippet:-1, max-image-preview:large, max-video-preview:-1\" \/>\n<meta property=\"og:locale\" content=\"ca_ES\" \/>\n<meta property=\"og:type\" content=\"article\" \/>\n<meta property=\"og:title\" content=\"Contacto | Isac Tona Feue\" \/>\n<meta property=\"og:description\" content=\"\u00bfTienes preguntas? Cont\u00e1ctanos en Isac Tona Feue, el pod\u00f3logo en Girona que cuida de tus pies. Estamos aqu\u00ed para ayudarte. Isac Tona Feue \u00b7\" \/>\n<meta property=\"og:url\" content=\"https:\/\/institutomedicopodologico.es\/ca\/contacto\/\" \/>\n<meta property=\"og:site_name\" content=\"Instituto Medic\u00f3 Podol\u00f3gico\" \/>\n<meta property=\"article:modified_time\" content=\"2026-03-16T14:36:44+00:00\" \/>\n<meta property=\"og:image\" content=\"https:\/\/institutomedicopodologico.es\/wp-content\/uploads\/2026\/02\/cropped-ChatGPT-Image-20-feb-2026-11_41_48.png\" \/>\n\t<meta property=\"og:image:width\" content=\"512\" \/>\n\t<meta property=\"og:image:height\" content=\"512\" \/>\n\t<meta property=\"og:image:type\" content=\"image\/png\" \/>\n<meta name=\"twitter:card\" content=\"summary_large_image\" \/>\n<meta name=\"twitter:label1\" content=\"Est. reading time\" \/>\n\t<meta name=\"twitter:data1\" content=\"1 minut\" \/>\n<script type=\"application\/ld+json\" class=\"yoast-schema-graph\">{\"@context\":\"https:\/\/schema.org\",\"@graph\":[{\"@type\":\"WebPage\",\"@id\":\"https:\/\/institutomedicopodologico.es\/contacto\/\",\"url\":\"https:\/\/institutomedicopodologico.es\/contacto\/\",\"name\":\"Contacto | Isac Tona Feue\",\"isPartOf\":{\"@id\":\"https:\/\/institutomedicopodologico.es\/#website\"},\"primaryImageOfPage\":{\"@id\":\"https:\/\/institutomedicopodologico.es\/contacto\/#primaryimage\"},\"image\":{\"@id\":\"https:\/\/institutomedicopodologico.es\/contacto\/#primaryimage\"},\"thumbnailUrl\":\"https:\/\/institutomedicopodologico.es\/wp-content\/uploads\/2026\/02\/cropped-ChatGPT-Image-20-feb-2026-11_41_48.png\",\"datePublished\":\"2026-01-20T14:26:38+00:00\",\"dateModified\":\"2026-03-16T14:36:44+00:00\",\"description\":\"\u00bfTienes preguntas? Cont\u00e1ctanos en Isac Tona Feue, el pod\u00f3logo en Girona que cuida de tus pies. Estamos aqu\u00ed para ayudarte. Isac Tona Feue \u00b7\",\"breadcrumb\":{\"@id\":\"https:\/\/institutomedicopodologico.es\/contacto\/#breadcrumb\"},\"inLanguage\":\"ca\",\"potentialAction\":[{\"@type\":\"ReadAction\",\"target\":[\"https:\/\/institutomedicopodologico.es\/contacto\/\"]}]},{\"@type\":\"ImageObject\",\"inLanguage\":\"ca\",\"@id\":\"https:\/\/institutomedicopodologico.es\/contacto\/#primaryimage\",\"url\":\"https:\/\/institutomedicopodologico.es\/wp-content\/uploads\/2026\/02\/cropped-ChatGPT-Image-20-feb-2026-11_41_48.png\",\"contentUrl\":\"https:\/\/institutomedicopodologico.es\/wp-content\/uploads\/2026\/02\/cropped-ChatGPT-Image-20-feb-2026-11_41_48.png\",\"width\":512,\"height\":512},{\"@type\":\"BreadcrumbList\",\"@id\":\"https:\/\/institutomedicopodologico.es\/contacto\/#breadcrumb\",\"itemListElement\":[{\"@type\":\"ListItem\",\"position\":1,\"name\":\"Portada\",\"item\":\"https:\/\/institutomedicopodologico.es\/\"},{\"@type\":\"ListItem\",\"position\":2,\"name\":\"Contacto\"}]},{\"@type\":\"WebSite\",\"@id\":\"https:\/\/institutomedicopodologico.es\/#website\",\"url\":\"https:\/\/institutomedicopodologico.es\/\",\"name\":\"Instituto Medic\u00f3 Podol\u00f3gico\",\"description\":\"IMP\",\"publisher\":{\"@id\":\"https:\/\/institutomedicopodologico.es\/#organization\"},\"potentialAction\":[{\"@type\":\"SearchAction\",\"target\":{\"@type\":\"EntryPoint\",\"urlTemplate\":\"https:\/\/institutomedicopodologico.es\/?s={search_term_string}\"},\"query-input\":{\"@type\":\"PropertyValueSpecification\",\"valueRequired\":true,\"valueName\":\"search_term_string\"}}],\"inLanguage\":\"ca\"},{\"@type\":\"Organization\",\"@id\":\"https:\/\/institutomedicopodologico.es\/#organization\",\"name\":\"Instituto Medic\u00f3 Podol\u00f3gico\",\"url\":\"https:\/\/institutomedicopodologico.es\/\",\"logo\":{\"@type\":\"ImageObject\",\"inLanguage\":\"ca\",\"@id\":\"https:\/\/institutomedicopodologico.es\/#\/schema\/logo\/image\/\",\"url\":\"https:\/\/institutomedicopodologico.es\/wp-content\/uploads\/2026\/02\/cropped-imp-definitivo-1.png\",\"contentUrl\":\"https:\/\/institutomedicopodologico.es\/wp-content\/uploads\/2026\/02\/cropped-imp-definitivo-1.png\",\"width\":542,\"height\":438,\"caption\":\"Instituto Medic\u00f3 Podol\u00f3gico\"},\"image\":{\"@id\":\"https:\/\/institutomedicopodologico.es\/#\/schema\/logo\/image\/\"}}]}<\/script>\n<!-- \/ Yoast SEO plugin. -->","yoast_head_json":{"title":"Contacto | Isac Tona Feue","description":"\u00bfTienes preguntas? Cont\u00e1ctanos en Isac Tona Feue, el pod\u00f3logo en Girona que cuida de tus pies. Estamos aqu\u00ed para ayudarte. Isac Tona Feue \u00b7","robots":{"index":"noindex","follow":"follow","max-snippet":"max-snippet:-1","max-image-preview":"max-image-preview:large","max-video-preview":"max-video-preview:-1"},"og_locale":"ca_ES","og_type":"article","og_title":"Contacto | Isac Tona Feue","og_description":"\u00bfTienes preguntas? Cont\u00e1ctanos en Isac Tona Feue, el pod\u00f3logo en Girona que cuida de tus pies. Estamos aqu\u00ed para ayudarte. Isac Tona Feue \u00b7","og_url":"https:\/\/institutomedicopodologico.es\/ca\/contacto\/","og_site_name":"Instituto Medic\u00f3 Podol\u00f3gico","article_modified_time":"2026-03-16T14:36:44+00:00","og_image":[{"width":512,"height":512,"url":"https:\/\/institutomedicopodologico.es\/wp-content\/uploads\/2026\/02\/cropped-ChatGPT-Image-20-feb-2026-11_41_48.png","type":"image\/png"}],"twitter_card":"summary_large_image","twitter_misc":{"Est. reading time":"1 minut"},"schema":{"@context":"https:\/\/schema.org","@graph":[{"@type":"WebPage","@id":"https:\/\/institutomedicopodologico.es\/contacto\/","url":"https:\/\/institutomedicopodologico.es\/contacto\/","name":"Contacto | Isac Tona Feue","isPartOf":{"@id":"https:\/\/institutomedicopodologico.es\/#website"},"primaryImageOfPage":{"@id":"https:\/\/institutomedicopodologico.es\/contacto\/#primaryimage"},"image":{"@id":"https:\/\/institutomedicopodologico.es\/contacto\/#primaryimage"},"thumbnailUrl":"https:\/\/institutomedicopodologico.es\/wp-content\/uploads\/2026\/02\/cropped-ChatGPT-Image-20-feb-2026-11_41_48.png","datePublished":"2026-01-20T14:26:38+00:00","dateModified":"2026-03-16T14:36:44+00:00","description":"\u00bfTienes preguntas? Cont\u00e1ctanos en Isac Tona Feue, el pod\u00f3logo en Girona que cuida de tus pies. Estamos aqu\u00ed para ayudarte. Isac Tona Feue \u00b7","breadcrumb":{"@id":"https:\/\/institutomedicopodologico.es\/contacto\/#breadcrumb"},"inLanguage":"ca","potentialAction":[{"@type":"ReadAction","target":["https:\/\/institutomedicopodologico.es\/contacto\/"]}]},{"@type":"ImageObject","inLanguage":"ca","@id":"https:\/\/institutomedicopodologico.es\/contacto\/#primaryimage","url":"https:\/\/institutomedicopodologico.es\/wp-content\/uploads\/2026\/02\/cropped-ChatGPT-Image-20-feb-2026-11_41_48.png","contentUrl":"https:\/\/institutomedicopodologico.es\/wp-content\/uploads\/2026\/02\/cropped-ChatGPT-Image-20-feb-2026-11_41_48.png","width":512,"height":512},{"@type":"BreadcrumbList","@id":"https:\/\/institutomedicopodologico.es\/contacto\/#breadcrumb","itemListElement":[{"@type":"ListItem","position":1,"name":"Portada","item":"https:\/\/institutomedicopodologico.es\/"},{"@type":"ListItem","position":2,"name":"Contacto"}]},{"@type":"WebSite","@id":"https:\/\/institutomedicopodologico.es\/#website","url":"https:\/\/institutomedicopodologico.es\/","name":"Instituto Medic\u00f3 Podol\u00f3gico","description":"IMP","publisher":{"@id":"https:\/\/institutomedicopodologico.es\/#organization"},"potentialAction":[{"@type":"SearchAction","target":{"@type":"EntryPoint","urlTemplate":"https:\/\/institutomedicopodologico.es\/?s={search_term_string}"},"query-input":{"@type":"PropertyValueSpecification","valueRequired":true,"valueName":"search_term_string"}}],"inLanguage":"ca"},{"@type":"Organization","@id":"https:\/\/institutomedicopodologico.es\/#organization","name":"Instituto Medic\u00f3 Podol\u00f3gico","url":"https:\/\/institutomedicopodologico.es\/","logo":{"@type":"ImageObject","inLanguage":"ca","@id":"https:\/\/institutomedicopodologico.es\/#\/schema\/logo\/image\/","url":"https:\/\/institutomedicopodologico.es\/wp-content\/uploads\/2026\/02\/cropped-imp-definitivo-1.png","contentUrl":"https:\/\/institutomedicopodologico.es\/wp-content\/uploads\/2026\/02\/cropped-imp-definitivo-1.png","width":542,"height":438,"caption":"Instituto Medic\u00f3 Podol\u00f3gico"},"image":{"@id":"https:\/\/institutomedicopodologico.es\/#\/schema\/logo\/image\/"}}]}},"_links":{"self":[{"href":"https:\/\/institutomedicopodologico.es\/ca\/wp-json\/wp\/v2\/pages\/102","targetHints":{"allow":["GET"]}}],"collection":[{"href":"https:\/\/institutomedicopodologico.es\/ca\/wp-json\/wp\/v2\/pages"}],"about":[{"href":"https:\/\/institutomedicopodologico.es\/ca\/wp-json\/wp\/v2\/types\/page"}],"author":[{"embeddable":true,"href":"https:\/\/institutomedicopodologico.es\/ca\/wp-json\/wp\/v2\/users\/1"}],"replies":[{"embeddable":true,"href":"https:\/\/institutomedicopodologico.es\/ca\/wp-json\/wp\/v2\/comments?post=102"}],"version-history":[{"count":112,"href":"https:\/\/institutomedicopodologico.es\/ca\/wp-json\/wp\/v2\/pages\/102\/revisions"}],"predecessor-version":[{"id":1615,"href":"https:\/\/institutomedicopodologico.es\/ca\/wp-json\/wp\/v2\/pages\/102\/revisions\/1615"}],"wp:featuredmedia":[{"embeddable":true,"href":"https:\/\/institutomedicopodologico.es\/ca\/wp-json\/wp\/v2\/media\/1465"}],"wp:attachment":[{"href":"https:\/\/institutomedicopodologico.es\/ca\/wp-json\/wp\/v2\/media?parent=102"}],"curies":[{"name":"wp","href":"https:\/\/api.w.org\/{rel}","templated":true}]}}