{"id":1515,"date":"2026-02-22T19:08:37","date_gmt":"2026-02-22T19:08:37","guid":{"rendered":"https:\/\/institutomedicopodologico.es\/?page_id=1515"},"modified":"2026-03-16T14:15:45","modified_gmt":"2026-03-16T14:15:45","slug":"dr-isac-tona","status":"publish","type":"page","link":"https:\/\/institutomedicopodologico.es\/ca\/dr-isac-tona\/","title":{"rendered":"Dr.Isac Tona"},"content":{"rendered":"<div data-elementor-type=\"wp-page\" data-elementor-id=\"1515\" class=\"elementor elementor-1515\" data-elementor-post-type=\"page\">\n\t\t\t\t<div class=\"elementor-element elementor-element-e147b06 e-con-full e-flex e-con e-parent\" data-id=\"e147b06\" data-element_type=\"container\" data-e-type=\"container\" data-settings=\"{&quot;background_background&quot;:&quot;classic&quot;}\">\n\t\t\t\t<\/div>\n\t\t<div class=\"elementor-element elementor-element-b7eb498 e-con-full e-flex e-con e-parent\" data-id=\"b7eb498\" data-element_type=\"container\" data-e-type=\"container\">\n\t\t<div class=\"elementor-element elementor-element-cb021b0 e-con-full e-flex elementor-invisible e-con e-child\" data-id=\"cb021b0\" data-element_type=\"container\" data-e-type=\"container\" data-settings=\"{&quot;animation&quot;:&quot;fadeIn&quot;}\">\n\t\t<div class=\"elementor-element elementor-element-8ea69e4 e-con-full e-flex e-con e-child\" data-id=\"8ea69e4\" data-element_type=\"container\" data-e-type=\"container\">\n\t\t\t\t<div class=\"elementor-element elementor-element-7875a5e elementor-widget elementor-widget-heading\" data-id=\"7875a5e\" data-element_type=\"widget\" data-e-type=\"widget\" data-widget_type=\"heading.default\">\n\t\t\t\t\t<h2 class=\"elementor-heading-title elementor-size-default\">Dr. Isac Tona<\/h2>\t\t\t\t<\/div>\n\t\t\t\t<div class=\"elementor-element elementor-element-17e62e9 elementor-widget elementor-widget-text-editor\" data-id=\"17e62e9\" data-element_type=\"widget\" data-e-type=\"widget\" data-widget_type=\"text-editor.default\">\n\t\t\t\t\t\t\t\t\t<p data-start=\"411\" data-end=\"788\">El Dr. Isac Tona dirigeix l\u2019Institut M\u00e8dic Podol\u00f2gic amb una visi\u00f3 centrada en la salut del peu com a part essencial del benestar general. El seu enfocament combina un tracte proper i hum\u00e0 amb un treball cl\u00ednic rigor\u00f3s, recolzat en l\u2019evid\u00e8ncia cient\u00edfica i en la formaci\u00f3 cont\u00ednua per aplicar t\u00e8cniques avan\u00e7ades i tractaments innovadors.\u00a0<\/p><p data-start=\"790\" data-end=\"1268\">\u00c9s graduat en Podologia per la Universitat de Barcelona i compta amb formaci\u00f3 especialitzada com a Expert Universitari en Podologia M\u00e8dico-Quir\u00fargica del Peu (Universitat Complutense de Madrid), Especialista Universitari en Biomec\u00e0nica i Ortop\u00e8dia de l\u2019Extremitat Inferior en l\u2019Activitat Esportiva (Universitat Rey Juan Carlos) i Especialista Universitari en Peu Diab\u00e8tic i Peu de Risc (Universitat d\u2019Extremadura).\u00a0<\/p><p data-start=\"1270\" data-end=\"1605\" data-is-last-node=\"\" data-is-only-node=\"\">Al llarg de la seva traject\u00f2ria ha desenvolupat la seva tasca a Illa de Salut (Figueres), IJ Salut (Banyoles), l\u2019Hospital Universitari Dr. Josep Trueta (Girona) i la Cl\u00ednica Bofill, integrant experi\u00e8ncia cl\u00ednica i actualitzaci\u00f3 constant per oferir solucions adaptades a cada pacient.\u00a0<\/p>\t\t\t\t\t\t\t\t<\/div>\n\t\t\t\t<\/div>\n\t\t<div class=\"elementor-element elementor-element-572ab7c e-con-full e-flex e-con e-child\" data-id=\"572ab7c\" data-element_type=\"container\" data-e-type=\"container\" data-settings=\"{&quot;background_background&quot;:&quot;classic&quot;}\">\n\t\t\t\t<\/div>\n\t\t\t\t<\/div>\n\t\t<div class=\"elementor-element elementor-element-17b13c9 e-con-full e-flex elementor-invisible e-con e-child\" data-id=\"17b13c9\" data-element_type=\"container\" data-e-type=\"container\" data-settings=\"{&quot;animation&quot;:&quot;fadeIn&quot;}\">\n\t\t<div class=\"elementor-element elementor-element-e52f52a e-con-full e-flex e-con e-child\" data-id=\"e52f52a\" data-element_type=\"container\" data-e-type=\"container\">\n\t\t\t\t<div class=\"elementor-element elementor-element-267756b elementor-widget elementor-widget-heading\" data-id=\"267756b\" data-element_type=\"widget\" data-e-type=\"widget\" data-widget_type=\"heading.default\">\n\t\t\t\t\t<h2 class=\"elementor-heading-title elementor-size-default\">Especialitats<\/h2>\t\t\t\t<\/div>\n\t\t\t\t<div class=\"elementor-element elementor-element-c35d210 elementor-widget elementor-widget-text-editor\" data-id=\"c35d210\" data-element_type=\"widget\" data-e-type=\"widget\" data-widget_type=\"text-editor.default\">\n\t\t\t\t\t\t\t\t\t<p>Les nostres especialitats abasten totes les etapes de la vida: des de la podologia pedi\u00e0trica, on detectem i tractem alteracions del desenvolupament com el peu pla o els trastorns de la marxa, fins a la podologia geri\u00e0trica, centrada a preservar l\u2019autonomia i la qualitat de vida de les persones grans.<\/p><p>A la podologia general tractem patologies freq\u00fcents com ungles encarnades, fongs, dureses doloroses o berrugues plantar, amb especial atenci\u00f3 al peu diab\u00e8tic mitjan\u00e7ant protocols preventius avan\u00e7ats. En l\u2019\u00e0mbit esportiu, analitzem la petjada i abordem lesions com fascitis plantar, esquin\u00e7os o tendinopaties amb estudis biomec\u00e0nics, ortesis personalitzades i embenats funcionals.<\/p><p>Finalment, la nostra cirurgia del peu resol tant patologies comunes com galindons, dits en urpa o metatars\u00e0lgies, com casos complexos en comit\u00e8 multidisciplinari amb traumat\u00f2legs de prestigi. Tot aix\u00f2 amb un enfocament rigor\u00f3s, hum\u00e0 i adaptat a cada pacient.<\/p>\t\t\t\t\t\t\t\t<\/div>\n\t\t\t\t<div class=\"elementor-element elementor-element-22b3d05 elementor-widget elementor-widget-button\" data-id=\"22b3d05\" data-element_type=\"widget\" data-e-type=\"widget\" data-widget_type=\"button.default\">\n\t\t\t\t\t\t\t\t\t\t<a class=\"elementor-button elementor-button-link elementor-size-sm\" href=\"\/ca\/servicios\/\">\n\t\t\t\t\t\t<span class=\"elementor-button-content-wrapper\">\n\t\t\t\t\t\t\t\t\t<span class=\"elementor-button-text\">Veure especialitats<\/span>\n\t\t\t\t\t<\/span>\n\t\t\t\t\t<\/a>\n\t\t\t\t\t\t\t\t<\/div>\n\t\t\t\t<\/div>\n\t\t<div class=\"elementor-element elementor-element-473948d e-con-full e-flex e-con e-child\" data-id=\"473948d\" data-element_type=\"container\" data-e-type=\"container\" data-settings=\"{&quot;background_background&quot;:&quot;classic&quot;}\">\n\t\t\t\t<\/div>\n\t\t\t\t<\/div>\n\t\t\t\t<\/div>\n\t\t\t\t<\/div>","protected":false},"excerpt":{"rendered":"<p>Dr. Isac Tona Dr. Isac Tona dirige el Instituto M\u00e9dico Podol\u00f3gico con una visi\u00f3n centrada en la salud del pie como parte esencial del bienestar general. Su enfoque combina trato cercano y humano con un trabajo cl\u00ednico riguroso, apoyado en la evidencia cient\u00edfica y en la formaci\u00f3n continua para aplicar t\u00e9cnicas avanzadas y tratamientos innovadores.\u00a0 [&hellip;]<\/p>\n","protected":false},"author":2,"featured_media":0,"parent":0,"menu_order":0,"comment_status":"closed","ping_status":"closed","template":"","meta":{"_acf_changed":false,"footnotes":""},"class_list":["post-1515","page","type-page","status-publish","hentry"],"acf":[],"yoast_head":"<!-- This site is optimized with the Yoast SEO plugin v26.9 - https:\/\/yoast.com\/product\/yoast-seo-wordpress\/ -->\n<title>Dr.Isac Tona - Instituto Medic\u00f3 Podol\u00f3gico<\/title>\n<meta name=\"robots\" content=\"noindex, follow, max-snippet:-1, max-image-preview:large, max-video-preview:-1\" \/>\n<meta property=\"og:locale\" content=\"ca_ES\" \/>\n<meta property=\"og:type\" content=\"article\" \/>\n<meta property=\"og:title\" content=\"Dr.Isac Tona - Instituto Medic\u00f3 Podol\u00f3gico\" \/>\n<meta property=\"og:description\" content=\"Dr. Isac Tona Dr. Isac Tona dirige el Instituto M\u00e9dico Podol\u00f3gico con una visi\u00f3n centrada en la salud del pie como parte esencial del bienestar general. Su enfoque combina trato cercano y humano con un trabajo cl\u00ednico riguroso, apoyado en la evidencia cient\u00edfica y en la formaci\u00f3n continua para aplicar t\u00e9cnicas avanzadas y tratamientos innovadores.\u00a0 [&hellip;]\" \/>\n<meta property=\"og:url\" content=\"https:\/\/institutomedicopodologico.es\/ca\/dr-isac-tona\/\" \/>\n<meta property=\"og:site_name\" content=\"Instituto Medic\u00f3 Podol\u00f3gico\" \/>\n<meta property=\"article:modified_time\" content=\"2026-03-16T14:15:45+00:00\" \/>\n<meta name=\"twitter:card\" content=\"summary_large_image\" \/>\n<meta name=\"twitter:label1\" content=\"Est. reading time\" \/>\n\t<meta name=\"twitter:data1\" content=\"2 minuts\" \/>\n<script type=\"application\/ld+json\" class=\"yoast-schema-graph\">{\"@context\":\"https:\/\/schema.org\",\"@graph\":[{\"@type\":\"WebPage\",\"@id\":\"https:\/\/institutomedicopodologico.es\/dr-isac-tona\/\",\"url\":\"https:\/\/institutomedicopodologico.es\/dr-isac-tona\/\",\"name\":\"Dr.Isac Tona - Instituto Medic\u00f3 Podol\u00f3gico\",\"isPartOf\":{\"@id\":\"https:\/\/institutomedicopodologico.es\/#website\"},\"datePublished\":\"2026-02-22T19:08:37+00:00\",\"dateModified\":\"2026-03-16T14:15:45+00:00\",\"breadcrumb\":{\"@id\":\"https:\/\/institutomedicopodologico.es\/dr-isac-tona\/#breadcrumb\"},\"inLanguage\":\"ca\",\"potentialAction\":[{\"@type\":\"ReadAction\",\"target\":[\"https:\/\/institutomedicopodologico.es\/dr-isac-tona\/\"]}]},{\"@type\":\"BreadcrumbList\",\"@id\":\"https:\/\/institutomedicopodologico.es\/dr-isac-tona\/#breadcrumb\",\"itemListElement\":[{\"@type\":\"ListItem\",\"position\":1,\"name\":\"Portada\",\"item\":\"https:\/\/institutomedicopodologico.es\/\"},{\"@type\":\"ListItem\",\"position\":2,\"name\":\"Dr.Isac Tona\"}]},{\"@type\":\"WebSite\",\"@id\":\"https:\/\/institutomedicopodologico.es\/#website\",\"url\":\"https:\/\/institutomedicopodologico.es\/\",\"name\":\"Instituto Medic\u00f3 Podol\u00f3gico\",\"description\":\"IMP\",\"publisher\":{\"@id\":\"https:\/\/institutomedicopodologico.es\/#organization\"},\"potentialAction\":[{\"@type\":\"SearchAction\",\"target\":{\"@type\":\"EntryPoint\",\"urlTemplate\":\"https:\/\/institutomedicopodologico.es\/?s={search_term_string}\"},\"query-input\":{\"@type\":\"PropertyValueSpecification\",\"valueRequired\":true,\"valueName\":\"search_term_string\"}}],\"inLanguage\":\"ca\"},{\"@type\":\"Organization\",\"@id\":\"https:\/\/institutomedicopodologico.es\/#organization\",\"name\":\"Instituto Medic\u00f3 Podol\u00f3gico\",\"url\":\"https:\/\/institutomedicopodologico.es\/\",\"logo\":{\"@type\":\"ImageObject\",\"inLanguage\":\"ca\",\"@id\":\"https:\/\/institutomedicopodologico.es\/#\/schema\/logo\/image\/\",\"url\":\"https:\/\/institutomedicopodologico.es\/wp-content\/uploads\/2026\/02\/cropped-imp-definitivo-1.png\",\"contentUrl\":\"https:\/\/institutomedicopodologico.es\/wp-content\/uploads\/2026\/02\/cropped-imp-definitivo-1.png\",\"width\":542,\"height\":438,\"caption\":\"Instituto Medic\u00f3 Podol\u00f3gico\"},\"image\":{\"@id\":\"https:\/\/institutomedicopodologico.es\/#\/schema\/logo\/image\/\"}}]}<\/script>\n<!-- \/ Yoast SEO plugin. -->","yoast_head_json":{"title":"Dr.Isac Tona - Instituto Medic\u00f3 Podol\u00f3gico","robots":{"index":"noindex","follow":"follow","max-snippet":"max-snippet:-1","max-image-preview":"max-image-preview:large","max-video-preview":"max-video-preview:-1"},"og_locale":"ca_ES","og_type":"article","og_title":"Dr.Isac Tona - Instituto Medic\u00f3 Podol\u00f3gico","og_description":"Dr. Isac Tona Dr. Isac Tona dirige el Instituto M\u00e9dico Podol\u00f3gico con una visi\u00f3n centrada en la salud del pie como parte esencial del bienestar general. Su enfoque combina trato cercano y humano con un trabajo cl\u00ednico riguroso, apoyado en la evidencia cient\u00edfica y en la formaci\u00f3n continua para aplicar t\u00e9cnicas avanzadas y tratamientos innovadores.\u00a0 [&hellip;]","og_url":"https:\/\/institutomedicopodologico.es\/ca\/dr-isac-tona\/","og_site_name":"Instituto Medic\u00f3 Podol\u00f3gico","article_modified_time":"2026-03-16T14:15:45+00:00","twitter_card":"summary_large_image","twitter_misc":{"Est. reading time":"2 minuts"},"schema":{"@context":"https:\/\/schema.org","@graph":[{"@type":"WebPage","@id":"https:\/\/institutomedicopodologico.es\/dr-isac-tona\/","url":"https:\/\/institutomedicopodologico.es\/dr-isac-tona\/","name":"Dr.Isac Tona - Instituto Medic\u00f3 Podol\u00f3gico","isPartOf":{"@id":"https:\/\/institutomedicopodologico.es\/#website"},"datePublished":"2026-02-22T19:08:37+00:00","dateModified":"2026-03-16T14:15:45+00:00","breadcrumb":{"@id":"https:\/\/institutomedicopodologico.es\/dr-isac-tona\/#breadcrumb"},"inLanguage":"ca","potentialAction":[{"@type":"ReadAction","target":["https:\/\/institutomedicopodologico.es\/dr-isac-tona\/"]}]},{"@type":"BreadcrumbList","@id":"https:\/\/institutomedicopodologico.es\/dr-isac-tona\/#breadcrumb","itemListElement":[{"@type":"ListItem","position":1,"name":"Portada","item":"https:\/\/institutomedicopodologico.es\/"},{"@type":"ListItem","position":2,"name":"Dr.Isac Tona"}]},{"@type":"WebSite","@id":"https:\/\/institutomedicopodologico.es\/#website","url":"https:\/\/institutomedicopodologico.es\/","name":"Instituto Medic\u00f3 Podol\u00f3gico","description":"IMP","publisher":{"@id":"https:\/\/institutomedicopodologico.es\/#organization"},"potentialAction":[{"@type":"SearchAction","target":{"@type":"EntryPoint","urlTemplate":"https:\/\/institutomedicopodologico.es\/?s={search_term_string}"},"query-input":{"@type":"PropertyValueSpecification","valueRequired":true,"valueName":"search_term_string"}}],"inLanguage":"ca"},{"@type":"Organization","@id":"https:\/\/institutomedicopodologico.es\/#organization","name":"Instituto Medic\u00f3 Podol\u00f3gico","url":"https:\/\/institutomedicopodologico.es\/","logo":{"@type":"ImageObject","inLanguage":"ca","@id":"https:\/\/institutomedicopodologico.es\/#\/schema\/logo\/image\/","url":"https:\/\/institutomedicopodologico.es\/wp-content\/uploads\/2026\/02\/cropped-imp-definitivo-1.png","contentUrl":"https:\/\/institutomedicopodologico.es\/wp-content\/uploads\/2026\/02\/cropped-imp-definitivo-1.png","width":542,"height":438,"caption":"Instituto Medic\u00f3 Podol\u00f3gico"},"image":{"@id":"https:\/\/institutomedicopodologico.es\/#\/schema\/logo\/image\/"}}]}},"_links":{"self":[{"href":"https:\/\/institutomedicopodologico.es\/ca\/wp-json\/wp\/v2\/pages\/1515","targetHints":{"allow":["GET"]}}],"collection":[{"href":"https:\/\/institutomedicopodologico.es\/ca\/wp-json\/wp\/v2\/pages"}],"about":[{"href":"https:\/\/institutomedicopodologico.es\/ca\/wp-json\/wp\/v2\/types\/page"}],"author":[{"embeddable":true,"href":"https:\/\/institutomedicopodologico.es\/ca\/wp-json\/wp\/v2\/users\/2"}],"replies":[{"embeddable":true,"href":"https:\/\/institutomedicopodologico.es\/ca\/wp-json\/wp\/v2\/comments?post=1515"}],"version-history":[{"count":43,"href":"https:\/\/institutomedicopodologico.es\/ca\/wp-json\/wp\/v2\/pages\/1515\/revisions"}],"predecessor-version":[{"id":1612,"href":"https:\/\/institutomedicopodologico.es\/ca\/wp-json\/wp\/v2\/pages\/1515\/revisions\/1612"}],"wp:attachment":[{"href":"https:\/\/institutomedicopodologico.es\/ca\/wp-json\/wp\/v2\/media?parent=1515"}],"curies":[{"name":"wp","href":"https:\/\/api.w.org\/{rel}","templated":true}]}}